{"id":126,"date":"2024-06-17T16:41:43","date_gmt":"2024-06-17T14:41:43","guid":{"rendered":"https:\/\/prefia-entreprise.fr\/?page_id=126"},"modified":"2024-06-24T09:06:33","modified_gmt":"2024-06-24T07:06:33","slug":"bris-de-machine","status":"publish","type":"page","link":"https:\/\/prefia-entreprise.fr\/index.php\/bris-de-machine\/","title":{"rendered":"Bris de Machine"},"content":{"rendered":"\t\t<div data-elementor-type=\"wp-page\" data-elementor-id=\"126\" class=\"elementor elementor-126\">\n\t\t\t\t<div class=\"elementor-element elementor-element-db8b4e5 e-flex e-con-boxed e-con e-parent\" data-id=\"db8b4e5\" data-element_type=\"container\" data-settings=\"{&quot;background_background&quot;:&quot;classic&quot;}\">\n\t\t\t\t\t<div class=\"e-con-inner\">\n\t\t<div class=\"elementor-element elementor-element-72cfe82 e-con-full e-flex e-con e-child\" data-id=\"72cfe82\" data-element_type=\"container\" data-settings=\"{&quot;background_background&quot;:&quot;classic&quot;}\">\n\t\t\t\t<div class=\"elementor-element elementor-element-a92d5cd elementor-widget elementor-widget-heading\" data-id=\"a92d5cd\" data-element_type=\"widget\" data-widget_type=\"heading.default\">\n\t\t\t\t<div class=\"elementor-widget-container\">\n\t\t\t<style>\/*! elementor - v3.22.0 - 26-06-2024 *\/\n.elementor-heading-title{padding:0;margin:0;line-height:1}.elementor-widget-heading .elementor-heading-title[class*=elementor-size-]>a{color:inherit;font-size:inherit;line-height:inherit}.elementor-widget-heading .elementor-heading-title.elementor-size-small{font-size:15px}.elementor-widget-heading .elementor-heading-title.elementor-size-medium{font-size:19px}.elementor-widget-heading .elementor-heading-title.elementor-size-large{font-size:29px}.elementor-widget-heading .elementor-heading-title.elementor-size-xl{font-size:39px}.elementor-widget-heading .elementor-heading-title.elementor-size-xxl{font-size:59px}<\/style><h2 class=\"elementor-heading-title elementor-size-default\">Bris de machines<\/h2>\t\t<\/div>\n\t\t\t\t<\/div>\n\t\t\t\t<div class=\"elementor-element elementor-element-53496ab elementor-align-center elementor-widget elementor-widget-button\" data-id=\"53496ab\" data-element_type=\"widget\" data-widget_type=\"button.default\">\n\t\t\t\t<div class=\"elementor-widget-container\">\n\t\t\t\t\t<div class=\"elementor-button-wrapper\">\n\t\t\t<a class=\"elementor-button elementor-button-link elementor-size-sm\" href=\"https:\/\/prefia-entreprise.fr\/index.php\/contactez-nous\/\">\n\t\t\t\t\t\t<span class=\"elementor-button-content-wrapper\">\n\t\t\t\t\t\t\t\t\t<span class=\"elementor-button-text\">Une question ? <\/span>\n\t\t\t\t\t<\/span>\n\t\t\t\t\t<\/a>\n\t\t<\/div>\n\t\t\t\t<\/div>\n\t\t\t\t<\/div>\n\t\t\t\t<\/div>\n\t\t\t\t\t<\/div>\n\t\t\t\t<\/div>\n\t\t<div class=\"elementor-element elementor-element-816dbb7 e-flex e-con-boxed e-con e-parent\" data-id=\"816dbb7\" data-element_type=\"container\">\n\t\t\t\t\t<div class=\"e-con-inner\">\n\t\t<div class=\"elementor-element elementor-element-15f640b e-con-full e-flex e-con e-child\" data-id=\"15f640b\" data-element_type=\"container\" data-settings=\"{&quot;background_background&quot;:&quot;classic&quot;}\">\n\t\t\t\t<div class=\"elementor-element elementor-element-040f860 elementor-widget elementor-widget-heading\" data-id=\"040f860\" data-element_type=\"widget\" data-widget_type=\"heading.default\">\n\t\t\t\t<div class=\"elementor-widget-container\">\n\t\t\t<h2 class=\"elementor-heading-title elementor-size-default\">Qu'est ce que c'est ?<\/h2>\t\t<\/div>\n\t\t\t\t<\/div>\n\t\t\t\t<div class=\"elementor-element elementor-element-a3def1d elementor-widget elementor-widget-text-editor\" data-id=\"a3def1d\" data-element_type=\"widget\" data-widget_type=\"text-editor.default\">\n\t\t\t\t<div class=\"elementor-widget-container\">\n\t\t\t<style>\/*! elementor - v3.22.0 - 26-06-2024 *\/\n.elementor-widget-text-editor.elementor-drop-cap-view-stacked .elementor-drop-cap{background-color:#69727d;color:#fff}.elementor-widget-text-editor.elementor-drop-cap-view-framed .elementor-drop-cap{color:#69727d;border:3px solid;background-color:transparent}.elementor-widget-text-editor:not(.elementor-drop-cap-view-default) .elementor-drop-cap{margin-top:8px}.elementor-widget-text-editor:not(.elementor-drop-cap-view-default) .elementor-drop-cap-letter{width:1em;height:1em}.elementor-widget-text-editor .elementor-drop-cap{float:left;text-align:center;line-height:1;font-size:50px}.elementor-widget-text-editor .elementor-drop-cap-letter{display:inline-block}<\/style>\t\t\t\t<p>Vos <strong>machines de production<\/strong>, vos <strong>mat\u00e9riels portatifs de contr\u00f4le<\/strong> ou de mesure, vos <strong>ordinateurs portables<\/strong>, etc., peuvent \u00eatre endommag\u00e9s par un \u00e9v\u00e9nement soudain, int\u00e9rieur ou ext\u00e9rieur : <strong>chute<\/strong>, <strong>erreur de manipulation<\/strong>, <strong>pi\u00e8ce coinc\u00e9e<\/strong>, <strong>mauvaise programmation<\/strong>, <strong>casse interne<\/strong>, <strong>incendie dans la machine<\/strong>, <strong>malveillance humaine<\/strong>, etc.<\/p><p>L&rsquo;assurance <strong>Bris de Machine<\/strong> prend en charge la <strong>r\u00e9paration<\/strong> ou le <strong>remplacement<\/strong> de votre mat\u00e9riel.<\/p>\t\t\t\t\t\t<\/div>\n\t\t\t\t<\/div>\n\t\t\t\t<\/div>\n\t\t<div class=\"elementor-element elementor-element-25cc049 e-con-full e-flex e-con e-child\" data-id=\"25cc049\" data-element_type=\"container\" data-settings=\"{&quot;background_background&quot;:&quot;classic&quot;}\">\n\t\t\t\t<div class=\"elementor-element elementor-element-ca498e9 elementor-widget elementor-widget-heading\" data-id=\"ca498e9\" data-element_type=\"widget\" data-widget_type=\"heading.default\">\n\t\t\t\t<div class=\"elementor-widget-container\">\n\t\t\t<h2 class=\"elementor-heading-title elementor-size-default\">Quelles garanties ?<\/h2>\t\t<\/div>\n\t\t\t\t<\/div>\n\t\t\t\t<div class=\"elementor-element elementor-element-1530c4c elementor-widget elementor-widget-text-editor\" data-id=\"1530c4c\" data-element_type=\"widget\" data-widget_type=\"text-editor.default\">\n\t\t\t\t<div class=\"elementor-widget-container\">\n\t\t\t\t\t\t\t<p>La garantie principale est le <strong>bris caus\u00e9 \u00e0 votre mat\u00e9riel<\/strong>, d\u00e9sign\u00e9 ou non, y compris les dommages \u00e0 l&rsquo;ext\u00e9rieur pour les <strong>mat\u00e9riels portables<\/strong>.<\/p><p>Vous pouvez \u00e9galement assurer votre <strong>perte d&rsquo;exploitation<\/strong> si la panne de votre machine arr\u00eate votre production. D&rsquo;autres couvertures, comme les <strong>frais suppl\u00e9mentaires<\/strong>, permettent de prendre en charge les co\u00fbts de <strong>sous-traitance<\/strong> ou de <strong>location temporaire<\/strong>.<\/p>\t\t\t\t\t\t<\/div>\n\t\t\t\t<\/div>\n\t\t\t\t<\/div>\n\t\t<div class=\"elementor-element elementor-element-e7f5ac2 e-con-full e-flex e-con e-child\" data-id=\"e7f5ac2\" data-element_type=\"container\" data-settings=\"{&quot;background_background&quot;:&quot;classic&quot;}\">\n\t\t\t\t<div class=\"elementor-element elementor-element-c515fa3 elementor-widget elementor-widget-heading\" data-id=\"c515fa3\" data-element_type=\"widget\" data-widget_type=\"heading.default\">\n\t\t\t\t<div class=\"elementor-widget-container\">\n\t\t\t<h2 class=\"elementor-heading-title elementor-size-default\">Quels avantages ?<\/h2>\t\t<\/div>\n\t\t\t\t<\/div>\n\t\t\t\t<div class=\"elementor-element elementor-element-bdb5051 elementor-widget elementor-widget-text-editor\" data-id=\"bdb5051\" data-element_type=\"widget\" data-widget_type=\"text-editor.default\">\n\t\t\t\t<div class=\"elementor-widget-container\">\n\t\t\t\t\t\t\t<p><strong>Limiter vos risques budg\u00e9taires<br \/><\/strong> Le contrat prend en charge la <strong>r\u00e9paration<\/strong> ou le <strong>rachat<\/strong> de votre machine endommag\u00e9e.<\/p><p><strong>Couvrir votre perte de production<\/strong> <br \/>Une cha\u00eene de production \u00e0 l&rsquo;arr\u00eat et c&rsquo;est votre <strong>marge<\/strong> qui s&rsquo;envole. L&rsquo;assureur prend le relais le temps des <strong>r\u00e9parations<\/strong> ou de la <strong>fourniture d&rsquo;une nouvelle machine<\/strong>.<\/p>\t\t\t\t\t\t<\/div>\n\t\t\t\t<\/div>\n\t\t\t\t<\/div>\n\t\t<div class=\"elementor-element elementor-element-95ec735 e-con-full e-flex e-con e-child\" data-id=\"95ec735\" data-element_type=\"container\" data-settings=\"{&quot;background_background&quot;:&quot;classic&quot;}\">\n\t\t\t\t<div class=\"elementor-element elementor-element-a552838 elementor-widget elementor-widget-heading\" data-id=\"a552838\" data-element_type=\"widget\" data-widget_type=\"heading.default\">\n\t\t\t\t<div class=\"elementor-widget-container\">\n\t\t\t<h2 class=\"elementor-heading-title elementor-size-default\">Pour qui ?<\/h2>\t\t<\/div>\n\t\t\t\t<\/div>\n\t\t\t\t<div class=\"elementor-element elementor-element-b283aa8 elementor-widget elementor-widget-text-editor\" data-id=\"b283aa8\" data-element_type=\"widget\" data-widget_type=\"text-editor.default\">\n\t\t\t\t<div class=\"elementor-widget-container\">\n\t\t\t\t\t\t\t<p class=\"body\" dir=\"auto\" data-pm-slice=\"1 1 []\">Toute entreprise qui poss\u00e8de du <strong>mat\u00e9riel de valeur<\/strong> ou <strong>important pour sa production<\/strong> ou son activit\u00e9, et qui souhaite \u00eatre assur\u00e9e pour tous les dommages caus\u00e9s, accidentellement, par une <strong>erreur humaine<\/strong> ou par <strong>malveillance<\/strong>.<\/p>\t\t\t\t\t\t<\/div>\n\t\t\t\t<\/div>\n\t\t\t\t<\/div>\n\t\t\t\t\t<\/div>\n\t\t\t\t<\/div>\n\t\t<div class=\"elementor-element elementor-element-1161c24 e-flex e-con-boxed e-con e-parent\" data-id=\"1161c24\" data-element_type=\"container\">\n\t\t\t\t\t<div class=\"e-con-inner\">\n\t\t\t\t<div class=\"elementor-element elementor-element-d8eb3e1 elementor-align-center elementor-widget elementor-widget-button\" data-id=\"d8eb3e1\" data-element_type=\"widget\" data-widget_type=\"button.default\">\n\t\t\t\t<div class=\"elementor-widget-container\">\n\t\t\t\t\t<div class=\"elementor-button-wrapper\">\n\t\t\t<a class=\"elementor-button elementor-button-link elementor-size-sm\" href=\"https:\/\/calendar.app.google\/3bQx5AiwmtYEbFBP9\" target=\"_blank\">\n\t\t\t\t\t\t<span class=\"elementor-button-content-wrapper\">\n\t\t\t\t\t\t\t\t\t<span class=\"elementor-button-text\">Prendre Rendez-vous<\/span>\n\t\t\t\t\t<\/span>\n\t\t\t\t\t<\/a>\n\t\t<\/div>\n\t\t\t\t<\/div>\n\t\t\t\t<\/div>\n\t\t\t\t\t<\/div>\n\t\t\t\t<\/div>\n\t\t\t\t<\/div>\n\t\t","protected":false},"excerpt":{"rendered":"<p>Bris de machines Une question ? Qu&rsquo;est ce que c&rsquo;est ? Vos machines de production, vos mat\u00e9riels portatifs de contr\u00f4le ou de mesure, vos ordinateurs portables, etc., peuvent \u00eatre endommag\u00e9s par un \u00e9v\u00e9nement soudain, int\u00e9rieur ou ext\u00e9rieur : chute, erreur de manipulation, pi\u00e8ce coinc\u00e9e, mauvaise programmation, casse interne, incendie dans la machine, malveillance humaine, etc. [&hellip;]<\/p>\n","protected":false},"author":1,"featured_media":0,"parent":0,"menu_order":0,"comment_status":"closed","ping_status":"closed","template":"","meta":{"site-sidebar-layout":"no-sidebar","site-content-layout":"","ast-site-content-layout":"full-width-container","site-content-style":"default","site-sidebar-style":"default","ast-global-header-display":"","ast-banner-title-visibility":"","ast-main-header-display":"","ast-hfb-above-header-display":"","ast-hfb-below-header-display":"","ast-hfb-mobile-header-display":"","site-post-title":"disabled","ast-breadcrumbs-content":"","ast-featured-img":"disabled","footer-sml-layout":"","theme-transparent-header-meta":"default","adv-header-id-meta":"","stick-header-meta":"","header-above-stick-meta":"","header-main-stick-meta":"","header-below-stick-meta":"","astra-migrate-meta-layouts":"set","ast-page-background-enabled":"default","ast-page-background-meta":{"desktop":{"background-color":"var(--ast-global-color-4)","background-image":"","background-repeat":"repeat","background-position":"center center","background-size":"auto","background-attachment":"scroll","background-type":"","background-media":"","overlay-type":"","overlay-color":"","overlay-gradient":""},"tablet":{"background-color":"","background-image":"","background-repeat":"repeat","background-position":"center center","background-size":"auto","background-attachment":"scroll","background-type":"","background-media":"","overlay-type":"","overlay-color":"","overlay-gradient":""},"mobile":{"background-color":"","background-image":"","background-repeat":"repeat","background-position":"center center","background-size":"auto","background-attachment":"scroll","background-type":"","background-media":"","overlay-type":"","overlay-color":"","overlay-gradient":""}},"ast-content-background-meta":{"desktop":{"background-color":"var(--ast-global-color-5)","background-image":"","background-repeat":"repeat","background-position":"center center","background-size":"auto","background-attachment":"scroll","background-type":"","background-media":"","overlay-type":"","overlay-color":"","overlay-gradient":""},"tablet":{"background-color":"var(--ast-global-color-5)","background-image":"","background-repeat":"repeat","background-position":"center center","background-size":"auto","background-attachment":"scroll","background-type":"","background-media":"","overlay-type":"","overlay-color":"","overlay-gradient":""},"mobile":{"background-color":"var(--ast-global-color-5)","background-image":"","background-repeat":"repeat","background-position":"center center","background-size":"auto","background-attachment":"scroll","background-type":"","background-media":"","overlay-type":"","overlay-color":"","overlay-gradient":""}},"footnotes":""},"class_list":["post-126","page","type-page","status-publish","hentry"],"yoast_head":"<!-- This site is optimized with the Yoast SEO plugin v25.0 - https:\/\/yoast.com\/wordpress\/plugins\/seo\/ -->\n<title>Bris de Machine -<\/title>\n<meta name=\"robots\" content=\"index, follow, max-snippet:-1, max-image-preview:large, max-video-preview:-1\" \/>\n<link rel=\"canonical\" href=\"https:\/\/prefia-entreprise.fr\/index.php\/bris-de-machine\/\" \/>\n<meta property=\"og:locale\" content=\"fr_FR\" \/>\n<meta property=\"og:type\" content=\"article\" \/>\n<meta property=\"og:title\" content=\"Bris de Machine -\" \/>\n<meta property=\"og:description\" content=\"Bris de machines Une question ? Qu&rsquo;est ce que c&rsquo;est ? Vos machines de production, vos mat\u00e9riels portatifs de contr\u00f4le ou de mesure, vos ordinateurs portables, etc., peuvent \u00eatre endommag\u00e9s par un \u00e9v\u00e9nement soudain, int\u00e9rieur ou ext\u00e9rieur : chute, erreur de manipulation, pi\u00e8ce coinc\u00e9e, mauvaise programmation, casse interne, incendie dans la machine, malveillance humaine, etc. [&hellip;]\" \/>\n<meta property=\"og:url\" content=\"https:\/\/prefia-entreprise.fr\/index.php\/bris-de-machine\/\" \/>\n<meta property=\"article:modified_time\" content=\"2024-06-24T07:06:33+00:00\" \/>\n<meta name=\"twitter:card\" content=\"summary_large_image\" \/>\n<meta name=\"twitter:label1\" content=\"Dur\u00e9e de lecture estim\u00e9e\" \/>\n\t<meta name=\"twitter:data1\" content=\"1 minute\" \/>\n<script type=\"application\/ld+json\" class=\"yoast-schema-graph\">{\"@context\":\"https:\/\/schema.org\",\"@graph\":[{\"@type\":\"WebPage\",\"@id\":\"https:\/\/prefia-entreprise.fr\/index.php\/bris-de-machine\/\",\"url\":\"https:\/\/prefia-entreprise.fr\/index.php\/bris-de-machine\/\",\"name\":\"Bris de Machine -\",\"isPartOf\":{\"@id\":\"https:\/\/prefia-entreprise.fr\/#website\"},\"datePublished\":\"2024-06-17T14:41:43+00:00\",\"dateModified\":\"2024-06-24T07:06:33+00:00\",\"breadcrumb\":{\"@id\":\"https:\/\/prefia-entreprise.fr\/index.php\/bris-de-machine\/#breadcrumb\"},\"inLanguage\":\"fr-FR\",\"potentialAction\":[{\"@type\":\"ReadAction\",\"target\":[\"https:\/\/prefia-entreprise.fr\/index.php\/bris-de-machine\/\"]}]},{\"@type\":\"BreadcrumbList\",\"@id\":\"https:\/\/prefia-entreprise.fr\/index.php\/bris-de-machine\/#breadcrumb\",\"itemListElement\":[{\"@type\":\"ListItem\",\"position\":1,\"name\":\"Accueil\",\"item\":\"https:\/\/prefia-entreprise.fr\/\"},{\"@type\":\"ListItem\",\"position\":2,\"name\":\"Bris de Machine\"}]},{\"@type\":\"WebSite\",\"@id\":\"https:\/\/prefia-entreprise.fr\/#website\",\"url\":\"https:\/\/prefia-entreprise.fr\/\",\"name\":\"\",\"description\":\"\",\"potentialAction\":[{\"@type\":\"SearchAction\",\"target\":{\"@type\":\"EntryPoint\",\"urlTemplate\":\"https:\/\/prefia-entreprise.fr\/?s={search_term_string}\"},\"query-input\":{\"@type\":\"PropertyValueSpecification\",\"valueRequired\":true,\"valueName\":\"search_term_string\"}}],\"inLanguage\":\"fr-FR\"}]}<\/script>\n<!-- \/ Yoast SEO plugin. -->","yoast_head_json":{"title":"Bris de Machine -","robots":{"index":"index","follow":"follow","max-snippet":"max-snippet:-1","max-image-preview":"max-image-preview:large","max-video-preview":"max-video-preview:-1"},"canonical":"https:\/\/prefia-entreprise.fr\/index.php\/bris-de-machine\/","og_locale":"fr_FR","og_type":"article","og_title":"Bris de Machine -","og_description":"Bris de machines Une question ? Qu&rsquo;est ce que c&rsquo;est ? Vos machines de production, vos mat\u00e9riels portatifs de contr\u00f4le ou de mesure, vos ordinateurs portables, etc., peuvent \u00eatre endommag\u00e9s par un \u00e9v\u00e9nement soudain, int\u00e9rieur ou ext\u00e9rieur : chute, erreur de manipulation, pi\u00e8ce coinc\u00e9e, mauvaise programmation, casse interne, incendie dans la machine, malveillance humaine, etc. [&hellip;]","og_url":"https:\/\/prefia-entreprise.fr\/index.php\/bris-de-machine\/","article_modified_time":"2024-06-24T07:06:33+00:00","twitter_card":"summary_large_image","twitter_misc":{"Dur\u00e9e de lecture estim\u00e9e":"1 minute"},"schema":{"@context":"https:\/\/schema.org","@graph":[{"@type":"WebPage","@id":"https:\/\/prefia-entreprise.fr\/index.php\/bris-de-machine\/","url":"https:\/\/prefia-entreprise.fr\/index.php\/bris-de-machine\/","name":"Bris de Machine -","isPartOf":{"@id":"https:\/\/prefia-entreprise.fr\/#website"},"datePublished":"2024-06-17T14:41:43+00:00","dateModified":"2024-06-24T07:06:33+00:00","breadcrumb":{"@id":"https:\/\/prefia-entreprise.fr\/index.php\/bris-de-machine\/#breadcrumb"},"inLanguage":"fr-FR","potentialAction":[{"@type":"ReadAction","target":["https:\/\/prefia-entreprise.fr\/index.php\/bris-de-machine\/"]}]},{"@type":"BreadcrumbList","@id":"https:\/\/prefia-entreprise.fr\/index.php\/bris-de-machine\/#breadcrumb","itemListElement":[{"@type":"ListItem","position":1,"name":"Accueil","item":"https:\/\/prefia-entreprise.fr\/"},{"@type":"ListItem","position":2,"name":"Bris de Machine"}]},{"@type":"WebSite","@id":"https:\/\/prefia-entreprise.fr\/#website","url":"https:\/\/prefia-entreprise.fr\/","name":"","description":"","potentialAction":[{"@type":"SearchAction","target":{"@type":"EntryPoint","urlTemplate":"https:\/\/prefia-entreprise.fr\/?s={search_term_string}"},"query-input":{"@type":"PropertyValueSpecification","valueRequired":true,"valueName":"search_term_string"}}],"inLanguage":"fr-FR"}]}},"_links":{"self":[{"href":"https:\/\/prefia-entreprise.fr\/index.php\/wp-json\/wp\/v2\/pages\/126","targetHints":{"allow":["GET"]}}],"collection":[{"href":"https:\/\/prefia-entreprise.fr\/index.php\/wp-json\/wp\/v2\/pages"}],"about":[{"href":"https:\/\/prefia-entreprise.fr\/index.php\/wp-json\/wp\/v2\/types\/page"}],"author":[{"embeddable":true,"href":"https:\/\/prefia-entreprise.fr\/index.php\/wp-json\/wp\/v2\/users\/1"}],"replies":[{"embeddable":true,"href":"https:\/\/prefia-entreprise.fr\/index.php\/wp-json\/wp\/v2\/comments?post=126"}],"version-history":[{"count":19,"href":"https:\/\/prefia-entreprise.fr\/index.php\/wp-json\/wp\/v2\/pages\/126\/revisions"}],"predecessor-version":[{"id":334,"href":"https:\/\/prefia-entreprise.fr\/index.php\/wp-json\/wp\/v2\/pages\/126\/revisions\/334"}],"wp:attachment":[{"href":"https:\/\/prefia-entreprise.fr\/index.php\/wp-json\/wp\/v2\/media?parent=126"}],"curies":[{"name":"wp","href":"https:\/\/api.w.org\/{rel}","templated":true}]}}