{"id":124,"date":"2024-06-17T16:41:34","date_gmt":"2024-06-17T14:41:34","guid":{"rendered":"https:\/\/prefia-entreprise.fr\/?page_id=124"},"modified":"2024-06-24T09:06:50","modified_gmt":"2024-06-24T07:06:50","slug":"flotte-automobile","status":"publish","type":"page","link":"https:\/\/prefia-entreprise.fr\/index.php\/flotte-automobile\/","title":{"rendered":"Flotte Automobile"},"content":{"rendered":"\t\t<div data-elementor-type=\"wp-page\" data-elementor-id=\"124\" class=\"elementor elementor-124\">\n\t\t\t\t<div class=\"elementor-element elementor-element-16da7cf e-flex e-con-boxed e-con e-parent\" data-id=\"16da7cf\" data-element_type=\"container\" data-settings=\"{&quot;background_background&quot;:&quot;classic&quot;}\">\n\t\t\t\t\t<div class=\"e-con-inner\">\n\t\t<div class=\"elementor-element elementor-element-55d1656 e-con-full e-flex e-con e-child\" data-id=\"55d1656\" data-element_type=\"container\" data-settings=\"{&quot;background_background&quot;:&quot;classic&quot;}\">\n\t\t\t\t<div class=\"elementor-element elementor-element-89ff555 elementor-widget elementor-widget-heading\" data-id=\"89ff555\" data-element_type=\"widget\" data-widget_type=\"heading.default\">\n\t\t\t\t<div class=\"elementor-widget-container\">\n\t\t\t<style>\/*! elementor - v3.22.0 - 26-06-2024 *\/\n.elementor-heading-title{padding:0;margin:0;line-height:1}.elementor-widget-heading .elementor-heading-title[class*=elementor-size-]>a{color:inherit;font-size:inherit;line-height:inherit}.elementor-widget-heading .elementor-heading-title.elementor-size-small{font-size:15px}.elementor-widget-heading .elementor-heading-title.elementor-size-medium{font-size:19px}.elementor-widget-heading .elementor-heading-title.elementor-size-large{font-size:29px}.elementor-widget-heading .elementor-heading-title.elementor-size-xl{font-size:39px}.elementor-widget-heading .elementor-heading-title.elementor-size-xxl{font-size:59px}<\/style><h2 class=\"elementor-heading-title elementor-size-default\">Flotte\n\nAutomobile<\/h2>\t\t<\/div>\n\t\t\t\t<\/div>\n\t\t\t\t<div class=\"elementor-element elementor-element-84c4ec2 elementor-align-center elementor-widget elementor-widget-button\" data-id=\"84c4ec2\" data-element_type=\"widget\" data-widget_type=\"button.default\">\n\t\t\t\t<div class=\"elementor-widget-container\">\n\t\t\t\t\t<div class=\"elementor-button-wrapper\">\n\t\t\t<a class=\"elementor-button elementor-button-link elementor-size-sm\" href=\"https:\/\/prefia-entreprise.fr\/index.php\/contactez-nous\/\">\n\t\t\t\t\t\t<span class=\"elementor-button-content-wrapper\">\n\t\t\t\t\t\t\t\t\t<span class=\"elementor-button-text\">Une question ?<\/span>\n\t\t\t\t\t<\/span>\n\t\t\t\t\t<\/a>\n\t\t<\/div>\n\t\t\t\t<\/div>\n\t\t\t\t<\/div>\n\t\t\t\t<\/div>\n\t\t\t\t\t<\/div>\n\t\t\t\t<\/div>\n\t\t<div class=\"elementor-element elementor-element-1de7bb5 e-flex e-con-boxed e-con e-parent\" data-id=\"1de7bb5\" data-element_type=\"container\">\n\t\t\t\t\t<div class=\"e-con-inner\">\n\t\t<div class=\"elementor-element elementor-element-5e32e25 e-con-full e-flex e-con e-child\" data-id=\"5e32e25\" data-element_type=\"container\" data-settings=\"{&quot;background_background&quot;:&quot;classic&quot;}\">\n\t\t\t\t<div class=\"elementor-element elementor-element-6da755f elementor-widget elementor-widget-heading\" data-id=\"6da755f\" data-element_type=\"widget\" data-widget_type=\"heading.default\">\n\t\t\t\t<div class=\"elementor-widget-container\">\n\t\t\t<h2 class=\"elementor-heading-title elementor-size-default\">Qu'est ce que c'est ?<\/h2>\t\t<\/div>\n\t\t\t\t<\/div>\n\t\t\t\t<div class=\"elementor-element elementor-element-e5069b0 elementor-widget elementor-widget-text-editor\" data-id=\"e5069b0\" data-element_type=\"widget\" data-widget_type=\"text-editor.default\">\n\t\t\t\t<div class=\"elementor-widget-container\">\n\t\t\t<style>\/*! elementor - v3.22.0 - 26-06-2024 *\/\n.elementor-widget-text-editor.elementor-drop-cap-view-stacked .elementor-drop-cap{background-color:#69727d;color:#fff}.elementor-widget-text-editor.elementor-drop-cap-view-framed .elementor-drop-cap{color:#69727d;border:3px solid;background-color:transparent}.elementor-widget-text-editor:not(.elementor-drop-cap-view-default) .elementor-drop-cap{margin-top:8px}.elementor-widget-text-editor:not(.elementor-drop-cap-view-default) .elementor-drop-cap-letter{width:1em;height:1em}.elementor-widget-text-editor .elementor-drop-cap{float:left;text-align:center;line-height:1;font-size:50px}.elementor-widget-text-editor .elementor-drop-cap-letter{display:inline-block}<\/style>\t\t\t\t<p>L&rsquo;assurance <strong>RC Circulation<\/strong> des voitures et engins de manutention est <strong>obligatoire en France<\/strong>.<\/p><p>Lorsque vous disposez ou utilisez plusieurs v\u00e9hicules, vous pouvez opter pour une <strong>Flotte<\/strong> : un seul contrat pour tous vos engins et v\u00e9hicules. Vous d\u00e9finissez par cat\u00e9gorie les <strong>garanties importantes<\/strong> et les <strong>franchises<\/strong> souhait\u00e9es. Vous b\u00e9n\u00e9ficiez d&rsquo;une <strong>prime globale annuelle<\/strong>, avec une r\u00e9gularisation en fin d&rsquo;ann\u00e9e li\u00e9e \u00e0 vos entr\u00e9es et sorties de v\u00e9hicules.<\/p>\t\t\t\t\t\t<\/div>\n\t\t\t\t<\/div>\n\t\t\t\t<\/div>\n\t\t<div class=\"elementor-element elementor-element-95d2d48 e-con-full e-flex e-con e-child\" data-id=\"95d2d48\" data-element_type=\"container\" data-settings=\"{&quot;background_background&quot;:&quot;classic&quot;}\">\n\t\t\t\t<div class=\"elementor-element elementor-element-aad9b3f elementor-widget elementor-widget-heading\" data-id=\"aad9b3f\" data-element_type=\"widget\" data-widget_type=\"heading.default\">\n\t\t\t\t<div class=\"elementor-widget-container\">\n\t\t\t<h2 class=\"elementor-heading-title elementor-size-default\">Quelles garanties ?<\/h2>\t\t<\/div>\n\t\t\t\t<\/div>\n\t\t\t\t<div class=\"elementor-element elementor-element-e1e769c elementor-widget elementor-widget-text-editor\" data-id=\"e1e769c\" data-element_type=\"widget\" data-widget_type=\"text-editor.default\">\n\t\t\t\t<div class=\"elementor-widget-container\">\n\t\t\t\t\t\t\t<p>La <strong>RC Circulation<\/strong> (aussi appel\u00e9e \u00ab\u00a0Tiers\u00a0\u00bb) est <strong>obligatoire<\/strong>.<\/p><p>Nous assurons tous les dommages caus\u00e9s par un <strong>accident<\/strong>, un <strong>vol<\/strong>, un <strong>incendie<\/strong>, un <strong>\u00e9v\u00e9nement climatique<\/strong> ou un <strong>bris de glace<\/strong>, selon l&rsquo;\u00e2ge de nos voitures.<\/p><p>Vous pouvez \u00e9galement \u00eatre indemnis\u00e9 pour le <strong>contenu transport\u00e9<\/strong>, les <strong>frais de d\u00e9pannage ou remorquage<\/strong>, les <strong>pertes financi\u00e8res<\/strong> ou la <strong>location d&rsquo;un v\u00e9hicule de remplacement<\/strong>. La <strong>protection juridique automobile<\/strong> peut aussi vous accompagner dans vos litiges.<\/p>\t\t\t\t\t\t<\/div>\n\t\t\t\t<\/div>\n\t\t\t\t<\/div>\n\t\t<div class=\"elementor-element elementor-element-7092938 e-con-full e-flex e-con e-child\" data-id=\"7092938\" data-element_type=\"container\" data-settings=\"{&quot;background_background&quot;:&quot;classic&quot;}\">\n\t\t\t\t<div class=\"elementor-element elementor-element-803223c elementor-widget elementor-widget-heading\" data-id=\"803223c\" data-element_type=\"widget\" data-widget_type=\"heading.default\">\n\t\t\t\t<div class=\"elementor-widget-container\">\n\t\t\t<h2 class=\"elementor-heading-title elementor-size-default\">Qu'est ce que c'est ?<\/h2>\t\t<\/div>\n\t\t\t\t<\/div>\n\t\t\t\t<div class=\"elementor-element elementor-element-3a68b3c elementor-widget elementor-widget-text-editor\" data-id=\"3a68b3c\" data-element_type=\"widget\" data-widget_type=\"text-editor.default\">\n\t\t\t\t<div class=\"elementor-widget-container\">\n\t\t\t\t\t\t\t<p><strong>La simplification<\/strong> <br \/>Un <strong>contrat unique<\/strong> pour tous vos v\u00e9hicules, que vous pouvez int\u00e9grer et enlever simplement tout au long de l&rsquo;ann\u00e9e.<\/p><p>Des <strong>garanties et franchises<\/strong> identiques par cat\u00e9gorie de v\u00e9hicules.<\/p><p><strong>Un budget n\u00e9goci\u00e9<\/strong> <br \/>Vous d\u00e9terminez les <strong>garanties<\/strong> et <strong>franchises<\/strong> que vous souhaitez en fonction de votre parc.<\/p><p>La <strong>perte financi\u00e8re<\/strong> des v\u00e9hicules en location ou en leasing est moins ch\u00e8re que celle propos\u00e9e par les leasers.<\/p>\t\t\t\t\t\t<\/div>\n\t\t\t\t<\/div>\n\t\t\t\t<\/div>\n\t\t<div class=\"elementor-element elementor-element-069a23b e-con-full e-flex e-con e-child\" data-id=\"069a23b\" data-element_type=\"container\" data-settings=\"{&quot;background_background&quot;:&quot;classic&quot;}\">\n\t\t\t\t<div class=\"elementor-element elementor-element-8e53682 elementor-widget elementor-widget-heading\" data-id=\"8e53682\" data-element_type=\"widget\" data-widget_type=\"heading.default\">\n\t\t\t\t<div class=\"elementor-widget-container\">\n\t\t\t<h2 class=\"elementor-heading-title elementor-size-default\">Qu'est ce que c'est ?<\/h2>\t\t<\/div>\n\t\t\t\t<\/div>\n\t\t\t\t<div class=\"elementor-element elementor-element-a12191a elementor-widget elementor-widget-text-editor\" data-id=\"a12191a\" data-element_type=\"widget\" data-widget_type=\"text-editor.default\">\n\t\t\t\t<div class=\"elementor-widget-container\">\n\t\t\t\t\t\t\t<p>Toute entreprise poss\u00e9dant au moins un <strong>v\u00e9hicule<\/strong> ou un <strong>engin autoport\u00e9<\/strong> (manutention, TP, etc.), qu&rsquo;il soit achet\u00e9, en <strong>leasing<\/strong> ou <strong>lou\u00e9<\/strong>, doit l&rsquo;assurer.<\/p><p>Entre 5 et 10 v\u00e9hicules, vous pouvez \u00e9tudier un <strong>contrat Flotte<\/strong> unique couvrant tous vos v\u00e9hicules.<\/p><p>Au-del\u00e0 de 10 v\u00e9hicules ou engins, il est recommand\u00e9 de mettre en place un <strong>contrat Flotte<\/strong>.<\/p>\t\t\t\t\t\t<\/div>\n\t\t\t\t<\/div>\n\t\t\t\t<\/div>\n\t\t\t\t\t<\/div>\n\t\t\t\t<\/div>\n\t\t<div class=\"elementor-element elementor-element-c3abc0b e-flex e-con-boxed e-con e-parent\" data-id=\"c3abc0b\" data-element_type=\"container\">\n\t\t\t\t\t<div class=\"e-con-inner\">\n\t\t\t\t<div class=\"elementor-element elementor-element-1902ec4 elementor-align-center elementor-widget elementor-widget-button\" data-id=\"1902ec4\" data-element_type=\"widget\" data-widget_type=\"button.default\">\n\t\t\t\t<div class=\"elementor-widget-container\">\n\t\t\t\t\t<div class=\"elementor-button-wrapper\">\n\t\t\t<a class=\"elementor-button elementor-button-link elementor-size-sm\" href=\"https:\/\/calendar.app.google\/3bQx5AiwmtYEbFBP9\" target=\"_blank\">\n\t\t\t\t\t\t<span class=\"elementor-button-content-wrapper\">\n\t\t\t\t\t\t\t\t\t<span class=\"elementor-button-text\">Prendre Rendez-vous<\/span>\n\t\t\t\t\t<\/span>\n\t\t\t\t\t<\/a>\n\t\t<\/div>\n\t\t\t\t<\/div>\n\t\t\t\t<\/div>\n\t\t\t\t\t<\/div>\n\t\t\t\t<\/div>\n\t\t\t\t<\/div>\n\t\t","protected":false},"excerpt":{"rendered":"<p>Flotte Automobile Une question ? Qu&rsquo;est ce que c&rsquo;est ? L&rsquo;assurance RC Circulation des voitures et engins de manutention est obligatoire en France. Lorsque vous disposez ou utilisez plusieurs v\u00e9hicules, vous pouvez opter pour une Flotte : un seul contrat pour tous vos engins et v\u00e9hicules. Vous d\u00e9finissez par cat\u00e9gorie les garanties importantes et les [&hellip;]<\/p>\n","protected":false},"author":1,"featured_media":0,"parent":0,"menu_order":0,"comment_status":"closed","ping_status":"closed","template":"","meta":{"site-sidebar-layout":"no-sidebar","site-content-layout":"","ast-site-content-layout":"full-width-container","site-content-style":"default","site-sidebar-style":"default","ast-global-header-display":"","ast-banner-title-visibility":"","ast-main-header-display":"","ast-hfb-above-header-display":"","ast-hfb-below-header-display":"","ast-hfb-mobile-header-display":"","site-post-title":"disabled","ast-breadcrumbs-content":"","ast-featured-img":"disabled","footer-sml-layout":"","theme-transparent-header-meta":"default","adv-header-id-meta":"","stick-header-meta":"","header-above-stick-meta":"","header-main-stick-meta":"","header-below-stick-meta":"","astra-migrate-meta-layouts":"set","ast-page-background-enabled":"default","ast-page-background-meta":{"desktop":{"background-color":"var(--ast-global-color-4)","background-image":"","background-repeat":"repeat","background-position":"center center","background-size":"auto","background-attachment":"scroll","background-type":"","background-media":"","overlay-type":"","overlay-color":"","overlay-gradient":""},"tablet":{"background-color":"","background-image":"","background-repeat":"repeat","background-position":"center center","background-size":"auto","background-attachment":"scroll","background-type":"","background-media":"","overlay-type":"","overlay-color":"","overlay-gradient":""},"mobile":{"background-color":"","background-image":"","background-repeat":"repeat","background-position":"center center","background-size":"auto","background-attachment":"scroll","background-type":"","background-media":"","overlay-type":"","overlay-color":"","overlay-gradient":""}},"ast-content-background-meta":{"desktop":{"background-color":"var(--ast-global-color-5)","background-image":"","background-repeat":"repeat","background-position":"center center","background-size":"auto","background-attachment":"scroll","background-type":"","background-media":"","overlay-type":"","overlay-color":"","overlay-gradient":""},"tablet":{"background-color":"var(--ast-global-color-5)","background-image":"","background-repeat":"repeat","background-position":"center center","background-size":"auto","background-attachment":"scroll","background-type":"","background-media":"","overlay-type":"","overlay-color":"","overlay-gradient":""},"mobile":{"background-color":"var(--ast-global-color-5)","background-image":"","background-repeat":"repeat","background-position":"center center","background-size":"auto","background-attachment":"scroll","background-type":"","background-media":"","overlay-type":"","overlay-color":"","overlay-gradient":""}},"footnotes":""},"class_list":["post-124","page","type-page","status-publish","hentry"],"yoast_head":"<!-- This site is optimized with the Yoast SEO plugin v25.0 - https:\/\/yoast.com\/wordpress\/plugins\/seo\/ -->\n<title>Flotte Automobile -<\/title>\n<meta name=\"robots\" content=\"index, follow, max-snippet:-1, max-image-preview:large, max-video-preview:-1\" \/>\n<link rel=\"canonical\" href=\"https:\/\/prefia-entreprise.fr\/index.php\/flotte-automobile\/\" \/>\n<meta property=\"og:locale\" content=\"fr_FR\" \/>\n<meta property=\"og:type\" content=\"article\" \/>\n<meta property=\"og:title\" content=\"Flotte Automobile -\" \/>\n<meta property=\"og:description\" content=\"Flotte Automobile Une question ? Qu&rsquo;est ce que c&rsquo;est ? L&rsquo;assurance RC Circulation des voitures et engins de manutention est obligatoire en France. Lorsque vous disposez ou utilisez plusieurs v\u00e9hicules, vous pouvez opter pour une Flotte : un seul contrat pour tous vos engins et v\u00e9hicules. Vous d\u00e9finissez par cat\u00e9gorie les garanties importantes et les [&hellip;]\" \/>\n<meta property=\"og:url\" content=\"https:\/\/prefia-entreprise.fr\/index.php\/flotte-automobile\/\" \/>\n<meta property=\"article:modified_time\" content=\"2024-06-24T07:06:50+00:00\" \/>\n<meta name=\"twitter:card\" content=\"summary_large_image\" \/>\n<meta name=\"twitter:label1\" content=\"Dur\u00e9e de lecture estim\u00e9e\" \/>\n\t<meta name=\"twitter:data1\" content=\"2 minutes\" \/>\n<script type=\"application\/ld+json\" class=\"yoast-schema-graph\">{\"@context\":\"https:\/\/schema.org\",\"@graph\":[{\"@type\":\"WebPage\",\"@id\":\"https:\/\/prefia-entreprise.fr\/index.php\/flotte-automobile\/\",\"url\":\"https:\/\/prefia-entreprise.fr\/index.php\/flotte-automobile\/\",\"name\":\"Flotte Automobile -\",\"isPartOf\":{\"@id\":\"https:\/\/prefia-entreprise.fr\/#website\"},\"datePublished\":\"2024-06-17T14:41:34+00:00\",\"dateModified\":\"2024-06-24T07:06:50+00:00\",\"breadcrumb\":{\"@id\":\"https:\/\/prefia-entreprise.fr\/index.php\/flotte-automobile\/#breadcrumb\"},\"inLanguage\":\"fr-FR\",\"potentialAction\":[{\"@type\":\"ReadAction\",\"target\":[\"https:\/\/prefia-entreprise.fr\/index.php\/flotte-automobile\/\"]}]},{\"@type\":\"BreadcrumbList\",\"@id\":\"https:\/\/prefia-entreprise.fr\/index.php\/flotte-automobile\/#breadcrumb\",\"itemListElement\":[{\"@type\":\"ListItem\",\"position\":1,\"name\":\"Accueil\",\"item\":\"https:\/\/prefia-entreprise.fr\/\"},{\"@type\":\"ListItem\",\"position\":2,\"name\":\"Flotte Automobile\"}]},{\"@type\":\"WebSite\",\"@id\":\"https:\/\/prefia-entreprise.fr\/#website\",\"url\":\"https:\/\/prefia-entreprise.fr\/\",\"name\":\"\",\"description\":\"\",\"potentialAction\":[{\"@type\":\"SearchAction\",\"target\":{\"@type\":\"EntryPoint\",\"urlTemplate\":\"https:\/\/prefia-entreprise.fr\/?s={search_term_string}\"},\"query-input\":{\"@type\":\"PropertyValueSpecification\",\"valueRequired\":true,\"valueName\":\"search_term_string\"}}],\"inLanguage\":\"fr-FR\"}]}<\/script>\n<!-- \/ Yoast SEO plugin. -->","yoast_head_json":{"title":"Flotte Automobile -","robots":{"index":"index","follow":"follow","max-snippet":"max-snippet:-1","max-image-preview":"max-image-preview:large","max-video-preview":"max-video-preview:-1"},"canonical":"https:\/\/prefia-entreprise.fr\/index.php\/flotte-automobile\/","og_locale":"fr_FR","og_type":"article","og_title":"Flotte Automobile -","og_description":"Flotte Automobile Une question ? Qu&rsquo;est ce que c&rsquo;est ? L&rsquo;assurance RC Circulation des voitures et engins de manutention est obligatoire en France. Lorsque vous disposez ou utilisez plusieurs v\u00e9hicules, vous pouvez opter pour une Flotte : un seul contrat pour tous vos engins et v\u00e9hicules. Vous d\u00e9finissez par cat\u00e9gorie les garanties importantes et les [&hellip;]","og_url":"https:\/\/prefia-entreprise.fr\/index.php\/flotte-automobile\/","article_modified_time":"2024-06-24T07:06:50+00:00","twitter_card":"summary_large_image","twitter_misc":{"Dur\u00e9e de lecture estim\u00e9e":"2 minutes"},"schema":{"@context":"https:\/\/schema.org","@graph":[{"@type":"WebPage","@id":"https:\/\/prefia-entreprise.fr\/index.php\/flotte-automobile\/","url":"https:\/\/prefia-entreprise.fr\/index.php\/flotte-automobile\/","name":"Flotte Automobile -","isPartOf":{"@id":"https:\/\/prefia-entreprise.fr\/#website"},"datePublished":"2024-06-17T14:41:34+00:00","dateModified":"2024-06-24T07:06:50+00:00","breadcrumb":{"@id":"https:\/\/prefia-entreprise.fr\/index.php\/flotte-automobile\/#breadcrumb"},"inLanguage":"fr-FR","potentialAction":[{"@type":"ReadAction","target":["https:\/\/prefia-entreprise.fr\/index.php\/flotte-automobile\/"]}]},{"@type":"BreadcrumbList","@id":"https:\/\/prefia-entreprise.fr\/index.php\/flotte-automobile\/#breadcrumb","itemListElement":[{"@type":"ListItem","position":1,"name":"Accueil","item":"https:\/\/prefia-entreprise.fr\/"},{"@type":"ListItem","position":2,"name":"Flotte Automobile"}]},{"@type":"WebSite","@id":"https:\/\/prefia-entreprise.fr\/#website","url":"https:\/\/prefia-entreprise.fr\/","name":"","description":"","potentialAction":[{"@type":"SearchAction","target":{"@type":"EntryPoint","urlTemplate":"https:\/\/prefia-entreprise.fr\/?s={search_term_string}"},"query-input":{"@type":"PropertyValueSpecification","valueRequired":true,"valueName":"search_term_string"}}],"inLanguage":"fr-FR"}]}},"_links":{"self":[{"href":"https:\/\/prefia-entreprise.fr\/index.php\/wp-json\/wp\/v2\/pages\/124","targetHints":{"allow":["GET"]}}],"collection":[{"href":"https:\/\/prefia-entreprise.fr\/index.php\/wp-json\/wp\/v2\/pages"}],"about":[{"href":"https:\/\/prefia-entreprise.fr\/index.php\/wp-json\/wp\/v2\/types\/page"}],"author":[{"embeddable":true,"href":"https:\/\/prefia-entreprise.fr\/index.php\/wp-json\/wp\/v2\/users\/1"}],"replies":[{"embeddable":true,"href":"https:\/\/prefia-entreprise.fr\/index.php\/wp-json\/wp\/v2\/comments?post=124"}],"version-history":[{"count":16,"href":"https:\/\/prefia-entreprise.fr\/index.php\/wp-json\/wp\/v2\/pages\/124\/revisions"}],"predecessor-version":[{"id":337,"href":"https:\/\/prefia-entreprise.fr\/index.php\/wp-json\/wp\/v2\/pages\/124\/revisions\/337"}],"wp:attachment":[{"href":"https:\/\/prefia-entreprise.fr\/index.php\/wp-json\/wp\/v2\/media?parent=124"}],"curies":[{"name":"wp","href":"https:\/\/api.w.org\/{rel}","templated":true}]}}