{"id":120,"date":"2024-06-17T16:41:10","date_gmt":"2024-06-17T14:41:10","guid":{"rendered":"https:\/\/prefia-entreprise.fr\/?page_id=120"},"modified":"2024-06-24T09:10:17","modified_gmt":"2024-06-24T07:10:17","slug":"responsabilite-civile","status":"publish","type":"page","link":"https:\/\/prefia-entreprise.fr\/index.php\/responsabilite-civile\/","title":{"rendered":"Responsabilit\u00e9 Civile"},"content":{"rendered":"\t\t<div data-elementor-type=\"wp-page\" data-elementor-id=\"120\" class=\"elementor elementor-120\">\n\t\t\t\t<div class=\"elementor-element elementor-element-ac0335d e-flex e-con-boxed e-con e-parent\" data-id=\"ac0335d\" data-element_type=\"container\" data-settings=\"{&quot;background_background&quot;:&quot;classic&quot;}\">\n\t\t\t\t\t<div class=\"e-con-inner\">\n\t\t<div class=\"elementor-element elementor-element-0b35a9c e-con-full e-flex e-con e-child\" data-id=\"0b35a9c\" data-element_type=\"container\" data-settings=\"{&quot;background_background&quot;:&quot;classic&quot;}\">\n\t\t\t\t<div class=\"elementor-element elementor-element-78b7eff elementor-widget elementor-widget-heading\" data-id=\"78b7eff\" data-element_type=\"widget\" data-widget_type=\"heading.default\">\n\t\t\t\t<div class=\"elementor-widget-container\">\n\t\t\t<style>\/*! elementor - v3.22.0 - 26-06-2024 *\/\n.elementor-heading-title{padding:0;margin:0;line-height:1}.elementor-widget-heading .elementor-heading-title[class*=elementor-size-]>a{color:inherit;font-size:inherit;line-height:inherit}.elementor-widget-heading .elementor-heading-title.elementor-size-small{font-size:15px}.elementor-widget-heading .elementor-heading-title.elementor-size-medium{font-size:19px}.elementor-widget-heading .elementor-heading-title.elementor-size-large{font-size:29px}.elementor-widget-heading .elementor-heading-title.elementor-size-xl{font-size:39px}.elementor-widget-heading .elementor-heading-title.elementor-size-xxl{font-size:59px}<\/style><h2 class=\"elementor-heading-title elementor-size-default\">Responsabilit\u00e9 civile\n\n<\/h2>\t\t<\/div>\n\t\t\t\t<\/div>\n\t\t\t\t<div class=\"elementor-element elementor-element-90b7cd6 elementor-widget elementor-widget-button\" data-id=\"90b7cd6\" data-element_type=\"widget\" data-widget_type=\"button.default\">\n\t\t\t\t<div class=\"elementor-widget-container\">\n\t\t\t\t\t<div class=\"elementor-button-wrapper\">\n\t\t\t<a class=\"elementor-button elementor-button-link elementor-size-sm\" href=\"https:\/\/prefia-entreprise.fr\/index.php\/contactez-nous\/\">\n\t\t\t\t\t\t<span class=\"elementor-button-content-wrapper\">\n\t\t\t\t\t\t\t\t\t<span class=\"elementor-button-text\">Une question ? <\/span>\n\t\t\t\t\t<\/span>\n\t\t\t\t\t<\/a>\n\t\t<\/div>\n\t\t\t\t<\/div>\n\t\t\t\t<\/div>\n\t\t\t\t<\/div>\n\t\t\t\t\t<\/div>\n\t\t\t\t<\/div>\n\t\t<div class=\"elementor-element elementor-element-3d51285 e-flex e-con-boxed e-con e-parent\" data-id=\"3d51285\" data-element_type=\"container\">\n\t\t\t\t\t<div class=\"e-con-inner\">\n\t\t<div class=\"elementor-element elementor-element-de6b48d e-con-full e-flex e-con e-child\" data-id=\"de6b48d\" data-element_type=\"container\" data-settings=\"{&quot;background_background&quot;:&quot;classic&quot;}\">\n\t\t\t\t<div class=\"elementor-element elementor-element-0078e76 elementor-widget elementor-widget-heading\" data-id=\"0078e76\" data-element_type=\"widget\" data-widget_type=\"heading.default\">\n\t\t\t\t<div class=\"elementor-widget-container\">\n\t\t\t<h2 class=\"elementor-heading-title elementor-size-default\">Qu'est ce que c'est ?<\/h2>\t\t<\/div>\n\t\t\t\t<\/div>\n\t\t\t\t<div class=\"elementor-element elementor-element-300bd63 elementor-widget elementor-widget-text-editor\" data-id=\"300bd63\" data-element_type=\"widget\" data-widget_type=\"text-editor.default\">\n\t\t\t\t<div class=\"elementor-widget-container\">\n\t\t\t<style>\/*! elementor - v3.22.0 - 26-06-2024 *\/\n.elementor-widget-text-editor.elementor-drop-cap-view-stacked .elementor-drop-cap{background-color:#69727d;color:#fff}.elementor-widget-text-editor.elementor-drop-cap-view-framed .elementor-drop-cap{color:#69727d;border:3px solid;background-color:transparent}.elementor-widget-text-editor:not(.elementor-drop-cap-view-default) .elementor-drop-cap{margin-top:8px}.elementor-widget-text-editor:not(.elementor-drop-cap-view-default) .elementor-drop-cap-letter{width:1em;height:1em}.elementor-widget-text-editor .elementor-drop-cap{float:left;text-align:center;line-height:1;font-size:50px}.elementor-widget-text-editor .elementor-drop-cap-letter{display:inline-block}<\/style>\t\t\t\t<p class=\"body\" dir=\"auto\" data-pm-slice=\"1 1 []\">Au travers de vos activit\u00e9s, vous, vos salari\u00e9s,<br \/>vos produits ou vos prestations, pouvez causer<br \/>des dommages aux tiers <br \/>(clients, fournisseurs, autres personnes ou biens,&#8230;).<\/p><p class=\"body\" dir=\"auto\">Si vous \u00eates consid\u00e9r\u00e9 comme <strong>responsable de<br \/>ces dommages<\/strong>, votre assurance Responsabilit\u00e9<br \/>Civile interviendra pour indemniser les pr\u00e9judices<br \/>corporels, mat\u00e9riels et immat\u00e9riels subis <br \/>par ces victimes.<\/p>\t\t\t\t\t\t<\/div>\n\t\t\t\t<\/div>\n\t\t\t\t<\/div>\n\t\t<div class=\"elementor-element elementor-element-ad7e426 e-con-full e-flex e-con e-child\" data-id=\"ad7e426\" data-element_type=\"container\" data-settings=\"{&quot;background_background&quot;:&quot;classic&quot;}\">\n\t\t\t\t<div class=\"elementor-element elementor-element-77e240d elementor-widget elementor-widget-heading\" data-id=\"77e240d\" data-element_type=\"widget\" data-widget_type=\"heading.default\">\n\t\t\t\t<div class=\"elementor-widget-container\">\n\t\t\t<h2 class=\"elementor-heading-title elementor-size-default\">Quelles garanties ?<\/h2>\t\t<\/div>\n\t\t\t\t<\/div>\n\t\t\t\t<div class=\"elementor-element elementor-element-6d3da7f elementor-widget elementor-widget-text-editor\" data-id=\"6d3da7f\" data-element_type=\"widget\" data-widget_type=\"text-editor.default\">\n\t\t\t\t<div class=\"elementor-widget-container\">\n\t\t\t\t\t\t\t<p class=\"body\" dir=\"auto\" data-pm-slice=\"1 1 []\">Les assurances Responsabilit\u00e9 Civile couvrent les<br \/>dommages caus\u00e9s :<br \/><strong>Pendant<\/strong> la r\u00e9alisation de vos prestations, <br \/>(fabrication de produits, installations, vente,&#8230;)<br \/><strong>Apr\u00e8s <\/strong>la vente, la livraison ou la mise en oeuvre de vos <br \/>produits ou services,<br \/><strong>Apr\u00e8s<\/strong> r\u00e9ception de travaux de construction (RC D\u00e9cennale)<br \/><br \/><strong>Par des erreurs <\/strong>de gouvernance<br \/>des dirigeants d&rsquo;entreprises (RC des dirigeants)<\/p>\t\t\t\t\t\t<\/div>\n\t\t\t\t<\/div>\n\t\t\t\t<\/div>\n\t\t<div class=\"elementor-element elementor-element-2146b29 e-con-full e-flex e-con e-child\" data-id=\"2146b29\" data-element_type=\"container\" data-settings=\"{&quot;background_background&quot;:&quot;classic&quot;}\">\n\t\t\t\t<div class=\"elementor-element elementor-element-10d596d elementor-widget elementor-widget-heading\" data-id=\"10d596d\" data-element_type=\"widget\" data-widget_type=\"heading.default\">\n\t\t\t\t<div class=\"elementor-widget-container\">\n\t\t\t<h2 class=\"elementor-heading-title elementor-size-default\">Qu'est ce que c'est ?<\/h2>\t\t<\/div>\n\t\t\t\t<\/div>\n\t\t\t\t<div class=\"elementor-element elementor-element-414fdb6 elementor-widget elementor-widget-text-editor\" data-id=\"414fdb6\" data-element_type=\"widget\" data-widget_type=\"text-editor.default\">\n\t\t\t\t<div class=\"elementor-widget-container\">\n\t\t\t\t\t\t\t<p class=\"body\" dir=\"auto\" data-pm-slice=\"1 1 []\">L&rsquo;assurance Responsabilit\u00e9 Civile est<strong> obligatoire pour certains m\u00e9tiers<\/strong> (notaires,avocats, assureurs, artisans de la construction, transporteurs, etc&#8230;). <br \/>Sans assurance il est impossible d&rsquo;exercer.<\/p><p class=\"body\" dir=\"auto\"><strong>Pour les autres, c&rsquo;est un acte de protection<\/strong><br \/>de votre entreprise et de votre patrimoine personnel.<br \/>Sans assurance Responsabilit\u00e9 Civile, c&rsquo;est votre<br \/>entreprise (ou vous en tant que dirigeant) qui devra indemniser les dommages caus\u00e9s.<\/p>\t\t\t\t\t\t<\/div>\n\t\t\t\t<\/div>\n\t\t\t\t<\/div>\n\t\t<div class=\"elementor-element elementor-element-6d7d120 e-con-full e-flex e-con e-child\" data-id=\"6d7d120\" data-element_type=\"container\" data-settings=\"{&quot;background_background&quot;:&quot;classic&quot;}\">\n\t\t\t\t<div class=\"elementor-element elementor-element-8ceab90 elementor-widget elementor-widget-heading\" data-id=\"8ceab90\" data-element_type=\"widget\" data-widget_type=\"heading.default\">\n\t\t\t\t<div class=\"elementor-widget-container\">\n\t\t\t<h2 class=\"elementor-heading-title elementor-size-default\">Qu'est ce que c'est ?<\/h2>\t\t<\/div>\n\t\t\t\t<\/div>\n\t\t\t\t<div class=\"elementor-element elementor-element-402f64a elementor-widget elementor-widget-text-editor\" data-id=\"402f64a\" data-element_type=\"widget\" data-widget_type=\"text-editor.default\">\n\t\t\t\t<div class=\"elementor-widget-container\">\n\t\t\t\t\t\t\t<p class=\"body\" dir=\"auto\" data-pm-slice=\"1 1 []\">Toutes les entreprises, quels que soient leurs activit\u00e9s,<br \/>leurs risques, leurs march\u00e9s, qui veulent se <br \/>prot\u00e9ger et \u00eatre accompagn\u00e9es.<\/p><p class=\"body\" dir=\"auto\">Tous les entrepreneurs qui veulent prot\u00e9ger leur<br \/>patrimoine personnel, si leur responsabilit\u00e9 de dirigeant<br \/>est mise en cause.<\/p>\t\t\t\t\t\t<\/div>\n\t\t\t\t<\/div>\n\t\t\t\t<\/div>\n\t\t\t\t\t<\/div>\n\t\t\t\t<\/div>\n\t\t<div class=\"elementor-element elementor-element-d37d6f3 e-flex e-con-boxed e-con e-parent\" data-id=\"d37d6f3\" data-element_type=\"container\">\n\t\t\t\t\t<div class=\"e-con-inner\">\n\t\t\t\t<div class=\"elementor-element elementor-element-af86eaa elementor-align-center elementor-widget elementor-widget-button\" data-id=\"af86eaa\" data-element_type=\"widget\" data-widget_type=\"button.default\">\n\t\t\t\t<div class=\"elementor-widget-container\">\n\t\t\t\t\t<div class=\"elementor-button-wrapper\">\n\t\t\t<a class=\"elementor-button elementor-button-link elementor-size-sm\" href=\"https:\/\/calendar.app.google\/3bQx5AiwmtYEbFBP9\" target=\"_blank\">\n\t\t\t\t\t\t<span class=\"elementor-button-content-wrapper\">\n\t\t\t\t\t\t\t\t\t<span class=\"elementor-button-text\">Prendre Rendez-vous<\/span>\n\t\t\t\t\t<\/span>\n\t\t\t\t\t<\/a>\n\t\t<\/div>\n\t\t\t\t<\/div>\n\t\t\t\t<\/div>\n\t\t\t\t\t<\/div>\n\t\t\t\t<\/div>\n\t\t\t\t<\/div>\n\t\t","protected":false},"excerpt":{"rendered":"<p>Responsabilit\u00e9 civile Une question ? Qu&rsquo;est ce que c&rsquo;est ? Au travers de vos activit\u00e9s, vous, vos salari\u00e9s,vos produits ou vos prestations, pouvez causerdes dommages aux tiers (clients, fournisseurs, autres personnes ou biens,&#8230;). Si vous \u00eates consid\u00e9r\u00e9 comme responsable deces dommages, votre assurance Responsabilit\u00e9Civile interviendra pour indemniser les pr\u00e9judicescorporels, mat\u00e9riels et immat\u00e9riels subis par ces [&hellip;]<\/p>\n","protected":false},"author":1,"featured_media":0,"parent":0,"menu_order":0,"comment_status":"closed","ping_status":"closed","template":"","meta":{"site-sidebar-layout":"no-sidebar","site-content-layout":"","ast-site-content-layout":"full-width-container","site-content-style":"default","site-sidebar-style":"default","ast-global-header-display":"","ast-banner-title-visibility":"","ast-main-header-display":"","ast-hfb-above-header-display":"","ast-hfb-below-header-display":"","ast-hfb-mobile-header-display":"","site-post-title":"disabled","ast-breadcrumbs-content":"","ast-featured-img":"disabled","footer-sml-layout":"","theme-transparent-header-meta":"default","adv-header-id-meta":"","stick-header-meta":"","header-above-stick-meta":"","header-main-stick-meta":"","header-below-stick-meta":"","astra-migrate-meta-layouts":"set","ast-page-background-enabled":"default","ast-page-background-meta":{"desktop":{"background-color":"var(--ast-global-color-4)","background-image":"","background-repeat":"repeat","background-position":"center center","background-size":"auto","background-attachment":"scroll","background-type":"","background-media":"","overlay-type":"","overlay-color":"","overlay-gradient":""},"tablet":{"background-color":"","background-image":"","background-repeat":"repeat","background-position":"center center","background-size":"auto","background-attachment":"scroll","background-type":"","background-media":"","overlay-type":"","overlay-color":"","overlay-gradient":""},"mobile":{"background-color":"","background-image":"","background-repeat":"repeat","background-position":"center center","background-size":"auto","background-attachment":"scroll","background-type":"","background-media":"","overlay-type":"","overlay-color":"","overlay-gradient":""}},"ast-content-background-meta":{"desktop":{"background-color":"var(--ast-global-color-5)","background-image":"","background-repeat":"repeat","background-position":"center center","background-size":"auto","background-attachment":"scroll","background-type":"","background-media":"","overlay-type":"","overlay-color":"","overlay-gradient":""},"tablet":{"background-color":"var(--ast-global-color-5)","background-image":"","background-repeat":"repeat","background-position":"center center","background-size":"auto","background-attachment":"scroll","background-type":"","background-media":"","overlay-type":"","overlay-color":"","overlay-gradient":""},"mobile":{"background-color":"var(--ast-global-color-5)","background-image":"","background-repeat":"repeat","background-position":"center center","background-size":"auto","background-attachment":"scroll","background-type":"","background-media":"","overlay-type":"","overlay-color":"","overlay-gradient":""}},"footnotes":""},"class_list":["post-120","page","type-page","status-publish","hentry"],"yoast_head":"<!-- This site is optimized with the Yoast SEO plugin v25.0 - https:\/\/yoast.com\/wordpress\/plugins\/seo\/ -->\n<title>Responsabilit\u00e9 Civile -<\/title>\n<meta name=\"robots\" content=\"index, follow, max-snippet:-1, max-image-preview:large, max-video-preview:-1\" \/>\n<link rel=\"canonical\" href=\"https:\/\/prefia-entreprise.fr\/index.php\/responsabilite-civile\/\" \/>\n<meta property=\"og:locale\" content=\"fr_FR\" \/>\n<meta property=\"og:type\" content=\"article\" \/>\n<meta property=\"og:title\" content=\"Responsabilit\u00e9 Civile -\" \/>\n<meta property=\"og:description\" content=\"Responsabilit\u00e9 civile Une question ? Qu&rsquo;est ce que c&rsquo;est ? Au travers de vos activit\u00e9s, vous, vos salari\u00e9s,vos produits ou vos prestations, pouvez causerdes dommages aux tiers (clients, fournisseurs, autres personnes ou biens,&#8230;). Si vous \u00eates consid\u00e9r\u00e9 comme responsable deces dommages, votre assurance Responsabilit\u00e9Civile interviendra pour indemniser les pr\u00e9judicescorporels, mat\u00e9riels et immat\u00e9riels subis par ces [&hellip;]\" \/>\n<meta property=\"og:url\" content=\"https:\/\/prefia-entreprise.fr\/index.php\/responsabilite-civile\/\" \/>\n<meta property=\"article:modified_time\" content=\"2024-06-24T07:10:17+00:00\" \/>\n<meta name=\"twitter:card\" content=\"summary_large_image\" \/>\n<meta name=\"twitter:label1\" content=\"Dur\u00e9e de lecture estim\u00e9e\" \/>\n\t<meta name=\"twitter:data1\" content=\"1 minute\" \/>\n<script type=\"application\/ld+json\" class=\"yoast-schema-graph\">{\"@context\":\"https:\/\/schema.org\",\"@graph\":[{\"@type\":\"WebPage\",\"@id\":\"https:\/\/prefia-entreprise.fr\/index.php\/responsabilite-civile\/\",\"url\":\"https:\/\/prefia-entreprise.fr\/index.php\/responsabilite-civile\/\",\"name\":\"Responsabilit\u00e9 Civile -\",\"isPartOf\":{\"@id\":\"https:\/\/prefia-entreprise.fr\/#website\"},\"datePublished\":\"2024-06-17T14:41:10+00:00\",\"dateModified\":\"2024-06-24T07:10:17+00:00\",\"breadcrumb\":{\"@id\":\"https:\/\/prefia-entreprise.fr\/index.php\/responsabilite-civile\/#breadcrumb\"},\"inLanguage\":\"fr-FR\",\"potentialAction\":[{\"@type\":\"ReadAction\",\"target\":[\"https:\/\/prefia-entreprise.fr\/index.php\/responsabilite-civile\/\"]}]},{\"@type\":\"BreadcrumbList\",\"@id\":\"https:\/\/prefia-entreprise.fr\/index.php\/responsabilite-civile\/#breadcrumb\",\"itemListElement\":[{\"@type\":\"ListItem\",\"position\":1,\"name\":\"Accueil\",\"item\":\"https:\/\/prefia-entreprise.fr\/\"},{\"@type\":\"ListItem\",\"position\":2,\"name\":\"Responsabilit\u00e9 Civile\"}]},{\"@type\":\"WebSite\",\"@id\":\"https:\/\/prefia-entreprise.fr\/#website\",\"url\":\"https:\/\/prefia-entreprise.fr\/\",\"name\":\"\",\"description\":\"\",\"potentialAction\":[{\"@type\":\"SearchAction\",\"target\":{\"@type\":\"EntryPoint\",\"urlTemplate\":\"https:\/\/prefia-entreprise.fr\/?s={search_term_string}\"},\"query-input\":{\"@type\":\"PropertyValueSpecification\",\"valueRequired\":true,\"valueName\":\"search_term_string\"}}],\"inLanguage\":\"fr-FR\"}]}<\/script>\n<!-- \/ Yoast SEO plugin. -->","yoast_head_json":{"title":"Responsabilit\u00e9 Civile -","robots":{"index":"index","follow":"follow","max-snippet":"max-snippet:-1","max-image-preview":"max-image-preview:large","max-video-preview":"max-video-preview:-1"},"canonical":"https:\/\/prefia-entreprise.fr\/index.php\/responsabilite-civile\/","og_locale":"fr_FR","og_type":"article","og_title":"Responsabilit\u00e9 Civile -","og_description":"Responsabilit\u00e9 civile Une question ? Qu&rsquo;est ce que c&rsquo;est ? Au travers de vos activit\u00e9s, vous, vos salari\u00e9s,vos produits ou vos prestations, pouvez causerdes dommages aux tiers (clients, fournisseurs, autres personnes ou biens,&#8230;). Si vous \u00eates consid\u00e9r\u00e9 comme responsable deces dommages, votre assurance Responsabilit\u00e9Civile interviendra pour indemniser les pr\u00e9judicescorporels, mat\u00e9riels et immat\u00e9riels subis par ces [&hellip;]","og_url":"https:\/\/prefia-entreprise.fr\/index.php\/responsabilite-civile\/","article_modified_time":"2024-06-24T07:10:17+00:00","twitter_card":"summary_large_image","twitter_misc":{"Dur\u00e9e de lecture estim\u00e9e":"1 minute"},"schema":{"@context":"https:\/\/schema.org","@graph":[{"@type":"WebPage","@id":"https:\/\/prefia-entreprise.fr\/index.php\/responsabilite-civile\/","url":"https:\/\/prefia-entreprise.fr\/index.php\/responsabilite-civile\/","name":"Responsabilit\u00e9 Civile -","isPartOf":{"@id":"https:\/\/prefia-entreprise.fr\/#website"},"datePublished":"2024-06-17T14:41:10+00:00","dateModified":"2024-06-24T07:10:17+00:00","breadcrumb":{"@id":"https:\/\/prefia-entreprise.fr\/index.php\/responsabilite-civile\/#breadcrumb"},"inLanguage":"fr-FR","potentialAction":[{"@type":"ReadAction","target":["https:\/\/prefia-entreprise.fr\/index.php\/responsabilite-civile\/"]}]},{"@type":"BreadcrumbList","@id":"https:\/\/prefia-entreprise.fr\/index.php\/responsabilite-civile\/#breadcrumb","itemListElement":[{"@type":"ListItem","position":1,"name":"Accueil","item":"https:\/\/prefia-entreprise.fr\/"},{"@type":"ListItem","position":2,"name":"Responsabilit\u00e9 Civile"}]},{"@type":"WebSite","@id":"https:\/\/prefia-entreprise.fr\/#website","url":"https:\/\/prefia-entreprise.fr\/","name":"","description":"","potentialAction":[{"@type":"SearchAction","target":{"@type":"EntryPoint","urlTemplate":"https:\/\/prefia-entreprise.fr\/?s={search_term_string}"},"query-input":{"@type":"PropertyValueSpecification","valueRequired":true,"valueName":"search_term_string"}}],"inLanguage":"fr-FR"}]}},"_links":{"self":[{"href":"https:\/\/prefia-entreprise.fr\/index.php\/wp-json\/wp\/v2\/pages\/120","targetHints":{"allow":["GET"]}}],"collection":[{"href":"https:\/\/prefia-entreprise.fr\/index.php\/wp-json\/wp\/v2\/pages"}],"about":[{"href":"https:\/\/prefia-entreprise.fr\/index.php\/wp-json\/wp\/v2\/types\/page"}],"author":[{"embeddable":true,"href":"https:\/\/prefia-entreprise.fr\/index.php\/wp-json\/wp\/v2\/users\/1"}],"replies":[{"embeddable":true,"href":"https:\/\/prefia-entreprise.fr\/index.php\/wp-json\/wp\/v2\/comments?post=120"}],"version-history":[{"count":16,"href":"https:\/\/prefia-entreprise.fr\/index.php\/wp-json\/wp\/v2\/pages\/120\/revisions"}],"predecessor-version":[{"id":346,"href":"https:\/\/prefia-entreprise.fr\/index.php\/wp-json\/wp\/v2\/pages\/120\/revisions\/346"}],"wp:attachment":[{"href":"https:\/\/prefia-entreprise.fr\/index.php\/wp-json\/wp\/v2\/media?parent=120"}],"curies":[{"name":"wp","href":"https:\/\/api.w.org\/{rel}","templated":true}]}}