{"id":114,"date":"2024-06-17T16:39:08","date_gmt":"2024-06-17T14:39:08","guid":{"rendered":"https:\/\/prefia-entreprise.fr\/?page_id=114"},"modified":"2024-11-20T15:39:00","modified_gmt":"2024-11-20T14:39:00","slug":"qui-sommes-nous","status":"publish","type":"page","link":"https:\/\/prefia-entreprise.fr\/index.php\/qui-sommes-nous\/","title":{"rendered":"Qui sommes-nous ?"},"content":{"rendered":"\t\t<div data-elementor-type=\"wp-page\" data-elementor-id=\"114\" class=\"elementor elementor-114\">\n\t\t\t\t<div class=\"elementor-element elementor-element-dcb8628 e-flex e-con-boxed e-con e-parent\" data-id=\"dcb8628\" data-element_type=\"container\">\n\t\t\t\t\t<div class=\"e-con-inner\">\n\t\t<div class=\"elementor-element elementor-element-e708bbd e-con-full e-flex e-con e-child\" data-id=\"e708bbd\" data-element_type=\"container\">\n\t\t\t\t<div class=\"elementor-element elementor-element-4a8e90c elementor-widget elementor-widget-heading\" data-id=\"4a8e90c\" data-element_type=\"widget\" data-widget_type=\"heading.default\">\n\t\t\t\t<div class=\"elementor-widget-container\">\n\t\t\t<style>\/*! elementor - v3.22.0 - 26-06-2024 *\/\n.elementor-heading-title{padding:0;margin:0;line-height:1}.elementor-widget-heading .elementor-heading-title[class*=elementor-size-]>a{color:inherit;font-size:inherit;line-height:inherit}.elementor-widget-heading .elementor-heading-title.elementor-size-small{font-size:15px}.elementor-widget-heading .elementor-heading-title.elementor-size-medium{font-size:19px}.elementor-widget-heading .elementor-heading-title.elementor-size-large{font-size:29px}.elementor-widget-heading .elementor-heading-title.elementor-size-xl{font-size:39px}.elementor-widget-heading .elementor-heading-title.elementor-size-xxl{font-size:59px}<\/style><h2 class=\"elementor-heading-title elementor-size-default\">Notre mission<\/h2>\t\t<\/div>\n\t\t\t\t<\/div>\n\t\t\t\t<div class=\"elementor-element elementor-element-fa1cad7 elementor-widget elementor-widget-text-editor\" data-id=\"fa1cad7\" data-element_type=\"widget\" data-widget_type=\"text-editor.default\">\n\t\t\t\t<div class=\"elementor-widget-container\">\n\t\t\t<style>\/*! elementor - v3.22.0 - 26-06-2024 *\/\n.elementor-widget-text-editor.elementor-drop-cap-view-stacked .elementor-drop-cap{background-color:#69727d;color:#fff}.elementor-widget-text-editor.elementor-drop-cap-view-framed .elementor-drop-cap{color:#69727d;border:3px solid;background-color:transparent}.elementor-widget-text-editor:not(.elementor-drop-cap-view-default) .elementor-drop-cap{margin-top:8px}.elementor-widget-text-editor:not(.elementor-drop-cap-view-default) .elementor-drop-cap-letter{width:1em;height:1em}.elementor-widget-text-editor .elementor-drop-cap{float:left;text-align:center;line-height:1;font-size:50px}.elementor-widget-text-editor .elementor-drop-cap-letter{display:inline-block}<\/style>\t\t\t\t<p class=\"body\" dir=\"auto\" data-pm-slice=\"1 1 []\">Nous cherchons \u00e0 comprendre votre entreprise, ses risques, son environnement, pour b\u00e2tir des programmes d&rsquo;assurances efficaces, p\u00e9rennes, qui \u00e9voluent avec vous, et au meilleur prix.<br \/>Nous vous accompagnons \u00e9galement dans la gestion de vos sinistres et n\u00e9gocions chaque ann\u00e9e les conditions de renouvellement de vos contrats avec nos partenaires assureurs.<\/p>\t\t\t\t\t\t<\/div>\n\t\t\t\t<\/div>\n\t\t\t\t<\/div>\n\t\t<div class=\"elementor-element elementor-element-8102921 e-con-full e-flex e-con e-child\" data-id=\"8102921\" data-element_type=\"container\">\n\t\t\t\t<div class=\"elementor-element elementor-element-1c91ad2 elementor-widget elementor-widget-heading\" data-id=\"1c91ad2\" data-element_type=\"widget\" data-widget_type=\"heading.default\">\n\t\t\t\t<div class=\"elementor-widget-container\">\n\t\t\t<h2 class=\"elementor-heading-title elementor-size-default\">Notre vision<\/h2>\t\t<\/div>\n\t\t\t\t<\/div>\n\t\t\t\t<div class=\"elementor-element elementor-element-e292de7 elementor-widget elementor-widget-text-editor\" data-id=\"e292de7\" data-element_type=\"widget\" data-widget_type=\"text-editor.default\">\n\t\t\t\t<div class=\"elementor-widget-container\">\n\t\t\t\t\t\t\t<p class=\"body\" dir=\"auto\" data-pm-slice=\"1 1 []\">Nous sommes convaincus que l&rsquo;assurance et un rouage d\u00e9terminant de la vie des entreprises et des entrepreneurs. <br \/>Nous croyons que l&rsquo;assurance est une mati\u00e8re complexe, mais qu&rsquo;elle peut \u00eatre expliqu\u00e9e <strong>simplement<\/strong>.<\/p><p class=\"body\" dir=\"auto\">Nous voulons vous faire aimer l&rsquo;assurance, tout simplement !<\/p>\t\t\t\t\t\t<\/div>\n\t\t\t\t<\/div>\n\t\t\t\t<\/div>\n\t\t\t\t\t<\/div>\n\t\t\t\t<\/div>\n\t\t<div class=\"elementor-element elementor-element-45577ac e-flex e-con-boxed e-con e-parent\" data-id=\"45577ac\" data-element_type=\"container\">\n\t\t\t\t\t<div class=\"e-con-inner\">\n\t\t\t\t<div class=\"elementor-element elementor-element-8ebbb4a elementor-align-center elementor-widget elementor-widget-button\" data-id=\"8ebbb4a\" data-element_type=\"widget\" data-widget_type=\"button.default\">\n\t\t\t\t<div class=\"elementor-widget-container\">\n\t\t\t\t\t<div class=\"elementor-button-wrapper\">\n\t\t\t<a class=\"elementor-button elementor-button-link elementor-size-sm\" href=\"https:\/\/prefia-entreprise.fr\/index.php\/nos-solutions\/\">\n\t\t\t\t\t\t<span class=\"elementor-button-content-wrapper\">\n\t\t\t\t\t\t\t\t\t<span class=\"elementor-button-text\">D\u00e9couvrez nos solutions<\/span>\n\t\t\t\t\t<\/span>\n\t\t\t\t\t<\/a>\n\t\t<\/div>\n\t\t\t\t<\/div>\n\t\t\t\t<\/div>\n\t\t\t\t<div class=\"elementor-element elementor-element-645267e elementor-widget elementor-widget-image\" data-id=\"645267e\" data-element_type=\"widget\" data-widget_type=\"image.default\">\n\t\t\t\t<div class=\"elementor-widget-container\">\n\t\t\t<style>\/*! elementor - v3.22.0 - 26-06-2024 *\/\n.elementor-widget-image{text-align:center}.elementor-widget-image a{display:inline-block}.elementor-widget-image a img[src$=\".svg\"]{width:48px}.elementor-widget-image img{vertical-align:middle;display:inline-block}<\/style>\t\t\t\t\t\t\t\t\t\t<img decoding=\"async\" src=\"https:\/\/prefia-entreprise.fr\/wp-content\/uploads\/2024\/11\/DSCF7962-scaled.jpeg\" title=\"DSCF7962\" alt=\"DSCF7962\" loading=\"lazy\" \/>\t\t\t\t\t\t\t\t\t\t\t\t\t<\/div>\n\t\t\t\t<\/div>\n\t\t\t\t\t<\/div>\n\t\t\t\t<\/div>\n\t\t<div class=\"elementor-element elementor-element-048f9be e-flex e-con-boxed e-con e-parent\" data-id=\"048f9be\" data-element_type=\"container\">\n\t\t\t\t\t<div class=\"e-con-inner\">\n\t\t\t\t<div class=\"elementor-element elementor-element-cd51fac elementor-widget elementor-widget-text-editor\" data-id=\"cd51fac\" data-element_type=\"widget\" data-widget_type=\"text-editor.default\">\n\t\t\t\t<div class=\"elementor-widget-container\">\n\t\t\t\t\t\t\t<p class=\"body-large\" dir=\"auto\" data-pm-slice=\"1 1 []\">Nous nous attachons depuis toujours \u00e0 accueillir des collaboratrices et collaborateurs enthousiastes, ouverts, curieux, dou\u00e9s d&rsquo;un sens aigu du service au client, capables d&rsquo;apprendre et de progresser.<\/p><p class=\"body-large\" dir=\"auto\">Nous leur apportons l&rsquo;accompagnement, la formation et le cadre de travail pour les faire progresser, et vous apporter le conseil professionnel et le service efficace que vous pouvez attendre d&rsquo;un courtier d&rsquo;assurances.<\/p>\t\t\t\t\t\t<\/div>\n\t\t\t\t<\/div>\n\t\t\t\t\t<\/div>\n\t\t\t\t<\/div>\n\t\t\t\t<\/div>\n\t\t","protected":false},"excerpt":{"rendered":"<p>Notre mission Nous cherchons \u00e0 comprendre votre entreprise, ses risques, son environnement, pour b\u00e2tir des programmes d&rsquo;assurances efficaces, p\u00e9rennes, qui \u00e9voluent avec vous, et au meilleur prix.Nous vous accompagnons \u00e9galement dans la gestion de vos sinistres et n\u00e9gocions chaque ann\u00e9e les conditions de renouvellement de vos contrats avec nos partenaires assureurs. Notre vision Nous sommes [&hellip;]<\/p>\n","protected":false},"author":1,"featured_media":0,"parent":0,"menu_order":0,"comment_status":"closed","ping_status":"closed","template":"","meta":{"site-sidebar-layout":"no-sidebar","site-content-layout":"","ast-site-content-layout":"full-width-container","site-content-style":"default","site-sidebar-style":"default","ast-global-header-display":"","ast-banner-title-visibility":"","ast-main-header-display":"","ast-hfb-above-header-display":"","ast-hfb-below-header-display":"","ast-hfb-mobile-header-display":"","site-post-title":"disabled","ast-breadcrumbs-content":"","ast-featured-img":"disabled","footer-sml-layout":"","theme-transparent-header-meta":"default","adv-header-id-meta":"","stick-header-meta":"","header-above-stick-meta":"","header-main-stick-meta":"","header-below-stick-meta":"","astra-migrate-meta-layouts":"set","ast-page-background-enabled":"default","ast-page-background-meta":{"desktop":{"background-color":"var(--ast-global-color-4)","background-image":"","background-repeat":"repeat","background-position":"center center","background-size":"auto","background-attachment":"scroll","background-type":"","background-media":"","overlay-type":"","overlay-color":"","overlay-gradient":""},"tablet":{"background-color":"","background-image":"","background-repeat":"repeat","background-position":"center center","background-size":"auto","background-attachment":"scroll","background-type":"","background-media":"","overlay-type":"","overlay-color":"","overlay-gradient":""},"mobile":{"background-color":"","background-image":"","background-repeat":"repeat","background-position":"center center","background-size":"auto","background-attachment":"scroll","background-type":"","background-media":"","overlay-type":"","overlay-color":"","overlay-gradient":""}},"ast-content-background-meta":{"desktop":{"background-color":"var(--ast-global-color-5)","background-image":"","background-repeat":"repeat","background-position":"center center","background-size":"auto","background-attachment":"scroll","background-type":"","background-media":"","overlay-type":"","overlay-color":"","overlay-gradient":""},"tablet":{"background-color":"var(--ast-global-color-5)","background-image":"","background-repeat":"repeat","background-position":"center center","background-size":"auto","background-attachment":"scroll","background-type":"","background-media":"","overlay-type":"","overlay-color":"","overlay-gradient":""},"mobile":{"background-color":"var(--ast-global-color-5)","background-image":"","background-repeat":"repeat","background-position":"center center","background-size":"auto","background-attachment":"scroll","background-type":"","background-media":"","overlay-type":"","overlay-color":"","overlay-gradient":""}},"footnotes":""},"class_list":["post-114","page","type-page","status-publish","hentry"],"yoast_head":"<!-- This site is optimized with the Yoast SEO plugin v25.0 - https:\/\/yoast.com\/wordpress\/plugins\/seo\/ -->\n<title>Qui sommes-nous ? -<\/title>\n<meta name=\"robots\" content=\"index, follow, max-snippet:-1, max-image-preview:large, max-video-preview:-1\" \/>\n<link rel=\"canonical\" href=\"https:\/\/prefia-entreprise.fr\/index.php\/qui-sommes-nous\/\" \/>\n<meta property=\"og:locale\" content=\"fr_FR\" \/>\n<meta property=\"og:type\" content=\"article\" \/>\n<meta property=\"og:title\" content=\"Qui sommes-nous ? -\" \/>\n<meta property=\"og:description\" content=\"Notre mission Nous cherchons \u00e0 comprendre votre entreprise, ses risques, son environnement, pour b\u00e2tir des programmes d&rsquo;assurances efficaces, p\u00e9rennes, qui \u00e9voluent avec vous, et au meilleur prix.Nous vous accompagnons \u00e9galement dans la gestion de vos sinistres et n\u00e9gocions chaque ann\u00e9e les conditions de renouvellement de vos contrats avec nos partenaires assureurs. Notre vision Nous sommes [&hellip;]\" \/>\n<meta property=\"og:url\" content=\"https:\/\/prefia-entreprise.fr\/index.php\/qui-sommes-nous\/\" \/>\n<meta property=\"article:modified_time\" content=\"2024-11-20T14:39:00+00:00\" \/>\n<meta property=\"og:image\" content=\"https:\/\/prefia-entreprise.fr\/wp-content\/uploads\/2024\/11\/DSCF7962-scaled.jpeg\" \/>\n<meta name=\"twitter:card\" content=\"summary_large_image\" \/>\n<meta name=\"twitter:label1\" content=\"Dur\u00e9e de lecture estim\u00e9e\" \/>\n\t<meta name=\"twitter:data1\" content=\"1 minute\" \/>\n<script type=\"application\/ld+json\" class=\"yoast-schema-graph\">{\"@context\":\"https:\/\/schema.org\",\"@graph\":[{\"@type\":\"WebPage\",\"@id\":\"https:\/\/prefia-entreprise.fr\/index.php\/qui-sommes-nous\/\",\"url\":\"https:\/\/prefia-entreprise.fr\/index.php\/qui-sommes-nous\/\",\"name\":\"Qui sommes-nous ? -\",\"isPartOf\":{\"@id\":\"https:\/\/prefia-entreprise.fr\/#website\"},\"primaryImageOfPage\":{\"@id\":\"https:\/\/prefia-entreprise.fr\/index.php\/qui-sommes-nous\/#primaryimage\"},\"image\":{\"@id\":\"https:\/\/prefia-entreprise.fr\/index.php\/qui-sommes-nous\/#primaryimage\"},\"thumbnailUrl\":\"https:\/\/prefia-entreprise.fr\/wp-content\/uploads\/2024\/11\/DSCF7962-scaled.jpeg\",\"datePublished\":\"2024-06-17T14:39:08+00:00\",\"dateModified\":\"2024-11-20T14:39:00+00:00\",\"breadcrumb\":{\"@id\":\"https:\/\/prefia-entreprise.fr\/index.php\/qui-sommes-nous\/#breadcrumb\"},\"inLanguage\":\"fr-FR\",\"potentialAction\":[{\"@type\":\"ReadAction\",\"target\":[\"https:\/\/prefia-entreprise.fr\/index.php\/qui-sommes-nous\/\"]}]},{\"@type\":\"ImageObject\",\"inLanguage\":\"fr-FR\",\"@id\":\"https:\/\/prefia-entreprise.fr\/index.php\/qui-sommes-nous\/#primaryimage\",\"url\":\"https:\/\/prefia-entreprise.fr\/wp-content\/uploads\/2024\/11\/DSCF7962-scaled.jpeg\",\"contentUrl\":\"https:\/\/prefia-entreprise.fr\/wp-content\/uploads\/2024\/11\/DSCF7962-scaled.jpeg\",\"width\":2560,\"height\":1505},{\"@type\":\"BreadcrumbList\",\"@id\":\"https:\/\/prefia-entreprise.fr\/index.php\/qui-sommes-nous\/#breadcrumb\",\"itemListElement\":[{\"@type\":\"ListItem\",\"position\":1,\"name\":\"Accueil\",\"item\":\"https:\/\/prefia-entreprise.fr\/\"},{\"@type\":\"ListItem\",\"position\":2,\"name\":\"Qui sommes-nous ?\"}]},{\"@type\":\"WebSite\",\"@id\":\"https:\/\/prefia-entreprise.fr\/#website\",\"url\":\"https:\/\/prefia-entreprise.fr\/\",\"name\":\"\",\"description\":\"\",\"potentialAction\":[{\"@type\":\"SearchAction\",\"target\":{\"@type\":\"EntryPoint\",\"urlTemplate\":\"https:\/\/prefia-entreprise.fr\/?s={search_term_string}\"},\"query-input\":{\"@type\":\"PropertyValueSpecification\",\"valueRequired\":true,\"valueName\":\"search_term_string\"}}],\"inLanguage\":\"fr-FR\"}]}<\/script>\n<!-- \/ Yoast SEO plugin. -->","yoast_head_json":{"title":"Qui sommes-nous ? -","robots":{"index":"index","follow":"follow","max-snippet":"max-snippet:-1","max-image-preview":"max-image-preview:large","max-video-preview":"max-video-preview:-1"},"canonical":"https:\/\/prefia-entreprise.fr\/index.php\/qui-sommes-nous\/","og_locale":"fr_FR","og_type":"article","og_title":"Qui sommes-nous ? -","og_description":"Notre mission Nous cherchons \u00e0 comprendre votre entreprise, ses risques, son environnement, pour b\u00e2tir des programmes d&rsquo;assurances efficaces, p\u00e9rennes, qui \u00e9voluent avec vous, et au meilleur prix.Nous vous accompagnons \u00e9galement dans la gestion de vos sinistres et n\u00e9gocions chaque ann\u00e9e les conditions de renouvellement de vos contrats avec nos partenaires assureurs. Notre vision Nous sommes [&hellip;]","og_url":"https:\/\/prefia-entreprise.fr\/index.php\/qui-sommes-nous\/","article_modified_time":"2024-11-20T14:39:00+00:00","og_image":[{"url":"https:\/\/prefia-entreprise.fr\/wp-content\/uploads\/2024\/11\/DSCF7962-scaled.jpeg","type":"","width":"","height":""}],"twitter_card":"summary_large_image","twitter_misc":{"Dur\u00e9e de lecture estim\u00e9e":"1 minute"},"schema":{"@context":"https:\/\/schema.org","@graph":[{"@type":"WebPage","@id":"https:\/\/prefia-entreprise.fr\/index.php\/qui-sommes-nous\/","url":"https:\/\/prefia-entreprise.fr\/index.php\/qui-sommes-nous\/","name":"Qui sommes-nous ? -","isPartOf":{"@id":"https:\/\/prefia-entreprise.fr\/#website"},"primaryImageOfPage":{"@id":"https:\/\/prefia-entreprise.fr\/index.php\/qui-sommes-nous\/#primaryimage"},"image":{"@id":"https:\/\/prefia-entreprise.fr\/index.php\/qui-sommes-nous\/#primaryimage"},"thumbnailUrl":"https:\/\/prefia-entreprise.fr\/wp-content\/uploads\/2024\/11\/DSCF7962-scaled.jpeg","datePublished":"2024-06-17T14:39:08+00:00","dateModified":"2024-11-20T14:39:00+00:00","breadcrumb":{"@id":"https:\/\/prefia-entreprise.fr\/index.php\/qui-sommes-nous\/#breadcrumb"},"inLanguage":"fr-FR","potentialAction":[{"@type":"ReadAction","target":["https:\/\/prefia-entreprise.fr\/index.php\/qui-sommes-nous\/"]}]},{"@type":"ImageObject","inLanguage":"fr-FR","@id":"https:\/\/prefia-entreprise.fr\/index.php\/qui-sommes-nous\/#primaryimage","url":"https:\/\/prefia-entreprise.fr\/wp-content\/uploads\/2024\/11\/DSCF7962-scaled.jpeg","contentUrl":"https:\/\/prefia-entreprise.fr\/wp-content\/uploads\/2024\/11\/DSCF7962-scaled.jpeg","width":2560,"height":1505},{"@type":"BreadcrumbList","@id":"https:\/\/prefia-entreprise.fr\/index.php\/qui-sommes-nous\/#breadcrumb","itemListElement":[{"@type":"ListItem","position":1,"name":"Accueil","item":"https:\/\/prefia-entreprise.fr\/"},{"@type":"ListItem","position":2,"name":"Qui sommes-nous ?"}]},{"@type":"WebSite","@id":"https:\/\/prefia-entreprise.fr\/#website","url":"https:\/\/prefia-entreprise.fr\/","name":"","description":"","potentialAction":[{"@type":"SearchAction","target":{"@type":"EntryPoint","urlTemplate":"https:\/\/prefia-entreprise.fr\/?s={search_term_string}"},"query-input":{"@type":"PropertyValueSpecification","valueRequired":true,"valueName":"search_term_string"}}],"inLanguage":"fr-FR"}]}},"_links":{"self":[{"href":"https:\/\/prefia-entreprise.fr\/index.php\/wp-json\/wp\/v2\/pages\/114","targetHints":{"allow":["GET"]}}],"collection":[{"href":"https:\/\/prefia-entreprise.fr\/index.php\/wp-json\/wp\/v2\/pages"}],"about":[{"href":"https:\/\/prefia-entreprise.fr\/index.php\/wp-json\/wp\/v2\/types\/page"}],"author":[{"embeddable":true,"href":"https:\/\/prefia-entreprise.fr\/index.php\/wp-json\/wp\/v2\/users\/1"}],"replies":[{"embeddable":true,"href":"https:\/\/prefia-entreprise.fr\/index.php\/wp-json\/wp\/v2\/comments?post=114"}],"version-history":[{"count":16,"href":"https:\/\/prefia-entreprise.fr\/index.php\/wp-json\/wp\/v2\/pages\/114\/revisions"}],"predecessor-version":[{"id":393,"href":"https:\/\/prefia-entreprise.fr\/index.php\/wp-json\/wp\/v2\/pages\/114\/revisions\/393"}],"wp:attachment":[{"href":"https:\/\/prefia-entreprise.fr\/index.php\/wp-json\/wp\/v2\/media?parent=114"}],"curies":[{"name":"wp","href":"https:\/\/api.w.org\/{rel}","templated":true}]}}